{"id":381,"date":"2020-12-08T09:55:19","date_gmt":"2020-12-08T09:55:19","guid":{"rendered":"https:\/\/www.netpont.ro\/adatkezelesi-tajekoztato\/"},"modified":"2021-11-02T11:17:21","modified_gmt":"2021-11-02T11:17:21","slug":"protectia-datelor-cu-caracter-personal","status":"publish","type":"page","link":"https:\/\/www.netpont.ro\/ro\/protectia-datelor-cu-caracter-personal\/","title":{"rendered":"Protec\u021bia datelor cu caracter personal"},"content":{"rendered":"<h2>OPERATORUL DATELOR DUMNEAVOASTRA CU CARACTER\u00a0 PERSONAL<\/h2>\n<p>TOTH PIROSKA I.I., av\u00e2nd sediul social in str. Garii, nr. 45, jude\u021bul Covasna, \u00eenregistrata la Registrul Comer\u021bului F14 \/284 \/2014, av\u00e2nd CUI 33243391, in continuare TOTH PIROSKA I.I.<\/p>\n<p>&nbsp;<\/p>\n<p>Datele cu caracter personal vor fi colectate si prelucrate de c\u0103tre TOTH PIROSKA I.I. numai in m\u0103sura permisa prin Regulamentul General (UE) 2016\/679 privind protec\u021bia persoanelor fizice \u00een ceea ce prive\u0219te prelucrarea datelor cu caracter personal \u0219i privind libera circula\u021bie a acestor date (GDPR)<\/p>\n<p>&nbsp;<\/p>\n<p>Termeni in \u00een\u021belesul Regulamentului General (UE) 2016\/679:<\/p>\n<ul>\n<li>\u201edate cu caracter personal\u201d \u00eenseamn\u0103 orice informa\u021bii privind o persoan\u0103 fizic\u0103 identificat\u0103 sau identificabil\u0103 (\u201epersoana vizat\u0103\u201d); o persoan\u0103 fizic\u0103 identificabil\u0103 este o persoan\u0103 care poate fi identificat\u0103, direct sau indirect, \u00een special prin referire la un element de identificare, cum ar fi un nume, un num\u0103r de identificare, date de localizare, un identificator online, sau la unul sau mai multe elemente specifice, proprii identit\u0103\u021bii sale fizice, fiziologice, genetice, psihice, economice, culturale sau sociale;<\/li>\n<li>\u201eprelucrare\u201d \u00eenseamn\u0103 orice opera\u021biune sau set de opera\u021biuni efectuate asupra datelor cu caracter personal sau asupra seturilor de date cu caracter personal, cu sau f\u0103r\u0103 utilizarea de mijloace automatizate, cum ar fi colectarea, \u00eenregistrarea, organizarea, structurarea, stocarea, adaptarea sau modificarea, extragerea, consultarea, utilizarea, divulgarea prin transmitere, diseminarea sau punerea la dispozi\u021bie \u00een orice alt mod, alinierea sau combinarea, restric\u021bionarea, \u0219tergerea sau distrugerea;<\/li>\n<li>\u201erestric\u021bionarea prelucr\u0103rii\u201d \u00eenseamn\u0103 marcarea datelor cu caracter personal stocate cu scopul de a limita prelucrarea viitoare a acestora;<\/li>\n<li>\u201eoperator\u201d \u00eenseamn\u0103 persoana fizic\u0103 sau juridic\u0103, autoritatea public\u0103, agen\u021bia sau alt organism care, singur sau \u00eempreun\u0103 cu altele, stabile\u0219te scopurile \u0219i mijloacele de prelucrare a datelor cu caracter personal; atunci c\u00e2nd scopurile \u0219i mijloacele prelucr\u0103rii sunt stabilite prin dreptul Uniunii sau dreptul intern, operatorul sau criteriile specifice pentru desemnarea acestuia pot fi prev\u0103zute \u00een dreptul Uniunii sau \u00een dreptul intern;<\/li>\n<li>\u201epersoan\u0103 \u00eemputernicit\u0103 de operator\u201d \u00eenseamn\u0103 persoana fizic\u0103 sau juridic\u0103, autoritatea public\u0103, agen\u021bia sau alt organism care prelucreaz\u0103 datele cu caracter personal \u00een numele operatorului;<\/li>\n<li>\u201eparte ter\u021b\u0103\u201d \u00eenseamn\u0103 o persoan\u0103 fizic\u0103 sau juridic\u0103, autoritate public\u0103, agen\u021bie sau organism altul dec\u00e2t persoana vizat\u0103, operatorul, persoana \u00eemputernicit\u0103 de operator \u0219i persoanele care, sub directa autoritate a operatorului sau a persoanei \u00eemputernicite de operator, sunt autorizate s\u0103 prelucreze date cu caracter personal;<\/li>\n<li>\u201econsim\u021b\u0103m\u00e2nt\u201d al persoanei vizate \u00eenseamn\u0103 orice manifestare de voin\u021b\u0103 liber\u0103, specific\u0103, informat\u0103 \u0219i lipsit\u0103 de ambiguitate a persoanei vizate prin care aceasta accept\u0103, printr-o declara\u021bie sau printr-o ac\u021biune f\u0103r\u0103 echivoc, ca datele cu caracter personal care o privesc s\u0103 fie prelucrate;<\/li>\n<\/ul>\n<p>&nbsp;<\/p>\n<h2>CATEGORII DE DATE CU CARACTER PERSONAL PRELUCRATE<\/h2>\n<p>Datele cu caracter personal pe care le prelucr\u0103m pot include:<\/p>\n<ul>\n<li>Datele dumneavoastr\u0103 de identificare respectiv: numele, prenumele si adresa de email<\/li>\n<li>Datele rezultate din navigarea dvs. pe pagina noastra de internet colectate prin intermediul cookie-urilor si a tehnologiilor similare, conform Politicii privind cookies.<\/li>\n<\/ul>\n<p>&nbsp;<\/p>\n<h2>CUM COLECT\u0102M DATELE DUMNEAVOASTR\u0102 CU CARACTER PERSONAL<\/h2>\n<ul>\n<li>Momentul in care completati formularul de contact aflata pe pagina de contact<\/li>\n<\/ul>\n<p>&nbsp;<\/p>\n<h2>TEMEIURILE JURIDICE PENTRU PRELUCRAREA DATELOR CU CARACTER PERSONAL<\/h2>\n<p>Orice operatiune de prelucrare a datelor dumneavoastra cu caracter personal va fi efectuata pe baza unuia dintre temeiurile juridice de mai jos:<\/p>\n<ul>\n<li>Prelucrarea este necesara pentru incheierea sau executarea unui contract la care dumneavoastra sunteti parte;<\/li>\n<li>Prelucrarea este necesara in vederea respectarii unei obligatii legale sau conventionale a operatorului TOTH PIROSKA I.I.;<\/li>\n<li>Prelucrarea este efectuata in temeiul consimtamantului dumneavoastra, inclusive pentru promovarea produselor TOTH PIROSKA I.I., in vederea incheierii de catre dumneavoastra a unui contract cu TOTH PIROSKA I.I.;<\/li>\n<li>Prelucrarea este necesara in vederea protejarii intereselor vitale ale dumneavoastra sau ale altei persoane fizice;<\/li>\n<\/ul>\n<p>&nbsp;<\/p>\n<p>In cazul categoriilor speciale de date, prelucrarea se va face daca, pe langa un temei juridic general de prelucrare a datelor, vor fi intrunite si una dintre urmatoarele conditii specifice de prelucrare:<\/p>\n<ul>\n<li>A fost obtinut consimtimantul persoanei vizate;<\/li>\n<li>Avem o obliga\u021bie legala de prelucrare a acestor categorii de date;<\/li>\n<li>Prelucrarea este necesara pentru constatarea, exercitarea sau apararea unui drept in instanta.<\/li>\n<\/ul>\n<p>&nbsp;<\/p>\n<h2>MODUL DE PRELUCRARE A DATELOR PERSONALE<\/h2>\n<p>TOTH PIROSKA I.I. va putea prelucra datele dumneavoastra personale prin mijloace manuale (pastrarea de copii fizice dupa contractele semnate de dumneavoastra, dupa actele dumneavoastra de identitate etc.) si automatizate (inclusiv prin servicii de comunicatii electronice).<\/p>\n<p>&nbsp;<\/p>\n<h2>IN CE SCOPURI VA PRELUCRAM DATELE CU CARACTER PERSONAL?<\/h2>\n<p>Putem folosi datele cu caracter personal in urmatoarele scopuri (\u201eScopuri Permise\u201d):<\/p>\n<ul>\n<li>Gestionarea si administrarea relatiei contractuale cu dumneavoastra, fie ea o relatie contractuala existenta sau potentiala;<\/li>\n<li>Analizarea si imbunatatirea serviciilor si comunicarilor noastre catre dumneavoastra si a produselor si serviciilor pe care dorim sa vi le oferim;<\/li>\n<li>Gestionarea utilizarii sistemelor IT utilizate de TOTH PIROSKA I.I. (e.g. pagina de internet, platformele de management a datelor, sistemele de comunicatii utilizate), inclusiv prevenirea si detectarea amenintarilor de securitate, a fraudelor sau a altor activitati neautorizate sau malitioase;<\/li>\n<li>In orice scop aferent si\/sau auxiliar oricarora dintre cele de mai sus, sau in orice alt scop pentru care datele dumneavoastra cu caracter personal ne-au fost furnizate, cu respectarea legislatiei aplicabile.<\/li>\n<\/ul>\n<p>&nbsp;<\/p>\n<p>De asemenea, va putem transmite diverse comunicari prin canalele pe care le-ati aprobat pentru a va tine la curent si a va transmite informatii cu privire la produsele TOTH PIROSKA I.I..<\/p>\n<p>&nbsp;<\/p>\n<h2>ACTUALIZAREA DATELOR DUMNEAVOASTRA CU CARACTER PERSONAL<\/h2>\n<p>In cazul in care oricare dintre datele cu caracter personal pe care ni le-ati furnizat sufera modificari, spre exemplu daca va schimbati prenumele, numele sau adresa de e-mail sau daca doriti sa anulati orice fel de cerere adresata noua, sau daca luati cunostinta de faptul ca de\u021binem orice date cu caracter personal incorecte cu privire la dumneavoastra, va rugam sa ne contacta\u021bi prin e-mail la: office@netpont.ro<\/p>\n<p>&nbsp;<\/p>\n<p>Nu vom fi raspunzatori pentru nicio pierdere decurgand din date cu caracter personal incorecte, neautentice, insuficiente sau incomplete pe care ni le furnizati.<\/p>\n<p>&nbsp;<\/p>\n<h2>DEZVALUIREA DATELOR DUMNEAVOASTRA<\/h2>\n<p>Putem dezvalui datele dvs. cu caracter personal catre: banca\/banci, catre entitati in contextul furnizarii serviciilor de transport si curierat etc.<\/p>\n<p>&nbsp;<\/p>\n<h2>TRANSFERUL DATELOR DUMNEAVOASTR\u0102 CU CARACTER PERSONAL IN STRAINATATE<\/h2>\n<p>Putem sa transferam datele dumneavoastra cu caracter personal in state ce fac parte din Spa\u021biul Economic European sau in state care au fost recunoscute de Comisia Europeana ca asigurand un nivel adecvat de protec\u021bie a datelor cu caracter personal, daca acest transfer este necesar pentru prelucrarea conform Scopurilor Permise descrise mai sus.<\/p>\n<p>&nbsp;<\/p>\n<p>In situa\u021bii excep\u021bionale, daca este necesar pentru Scopurile Permise, putem transfera datele dumneavoastra cu caracter personal in state terte care nu au fost recunoscute de Comisia Europeana ca asigurand un nivel adecvat de protectie.<\/p>\n<p>&nbsp;<\/p>\n<p>Ne vom asigura ca aceste transferuri internationale sunt efectuate sub rezerva unor masuri de protectie adecvate (cum ar fi, in baza unor Clauze Contractuale Standard aprobate de Comisia Europeana) asa cum se impune prin Regulamentul General privind Protectia Datelor (UE) 2016\/679 sau prin alte dispozitii legale aplicabile.<\/p>\n<p>&nbsp;<\/p>\n<h2>CAT TIMP PASTRAM DATELE DUMNEAVOASTRA CU CARACTER PERSONAL?<\/h2>\n<p>TOTH PIROSKA I.I. implementeaza masuri tehnice si organizatorice pentru organizarea procesului si a criteriilor specifice pentru pastrarea datelor dumneavoastra cu caracter personal (inclusiv conform procedurilor noastre de arhivare).<\/p>\n<p>&nbsp;<\/p>\n<p>Vom inceta prelucrarea datelor cu caracter personal atunci cand nu mai sunt necesare in mod rezonabil \u00een Scopurile Permise, ori atunci cand va retrageti consimtamantul (daca este cazul) si (i) nu mai exista motive legitime si imperioase care justifica prelucrarea in continuare de catre TOTH PIROSKA I.I. (inclusiv obliga\u021bia legala a TOTH PIROSKA I.I. de a continua sa stocheze datele respective).<\/p>\n<p>&nbsp;<\/p>\n<h2>DREPTURILE DUMNEAVOASTRA IN LEGATURA CU PRELUCRAREA DATELOR CU CARACTER PERSONAL<\/h2>\n<p>Sub rezerva anumitor conditii legale, aveti urmatoarele drepturi in legatura cu prelucrarea datelor dumneavoastra cu caracter personal:<\/p>\n<ul>\n<li>Dreptul de a solicita o copie a datelor cu caracter personal referitoare la dumneavoastra pe care le detinem;<\/li>\n<li>Dreptul la rectificarea oricaror date cu caracter personal incorecte sau incomplete;<\/li>\n<li>Dreptul la opozitie sau la restrictionarea utilizarii de catre noi a datelor dumneavoastra cu caracter personal;<\/li>\n<li>Dreptul de a va retrage consimtamantul pentru prelucrarea datelor prelucrate pe baza de consimatamant;<\/li>\n<li>Dreptul la stergerea datelor dumneavoastra cu caracter personal, in situatiile in care v-ati retras consimtamantul, prelucrarea nu mai este necesara sau prelucrarea respectiva este contrara legii;<\/li>\n<li>Dreptul la portabilitatea datelor ce va permite sa primiti o copie a datelor prelucrate pe care le-am primit de la dumneavoastra sau sa le transmitem unei alte entitati indicate de dumneavoastra;<\/li>\n<li>Dreptul de a va retrage consimtamantul pentru prelucrarile efectuate pe baza de consimtamant. Retragerea consimtamantului dumneavoastra nu va afecta legalitatea prelucrarii pe baza consimtamantului de dinaintea retragerii acestuia. In cazurile in care varetrageti consimtamantul, TOTH PIROSKA I.I. nu va mai prelucra datele dumneavoastra cu caracter personal si va lua masurile corespunzatoare pentru stergerea datelor dumneavoastra cu caracter personal.<\/li>\n<li>Daca doriti sa va exercitati drepturile mentionate mai sus, va rugam sa ne contactati, folosind urmatoarele detalii de contact:<\/li>\n<li>E-mail: info@netpont.ro<\/li>\n<\/ul>\n<p>&nbsp;<\/p>\n<p>In ceea ce priveste comunicarile de marketing primite de la noi, puteti, de asemenea, sa va retrageti consimtamantul in orice moment prin simpla accesare a linkului de \u201ddezabonare\u201d de la subsolul fiecarui mesaj primit prin e-mail de la noi sau printr-o cerere scrisa la adresa de email info@netpont.ro<\/p>\n<p>&nbsp;<\/p>\n<p>Pentru a ne conforma obligatiilor legale de securitate si confidentialitate a datelor ce ne revin, atunci cand va exercitati unul dintre drepturile de care beneficiati in calitate de persoana vizata, este posibil sa va cerem sa va dovediti identitatea, comunicandu-ne o copie a unui document identificare sau orice alte informatii necesare pentru a verifica faptul ca solicitarea vine din partea persoanei vizate relevante.<\/p>\n<p>&nbsp;<\/p>\n<p>Vom lua in considerare orice solicitari sau plangeri pe care le primim si va vom transmite un raspuns cu respectarea termenelor prevazute de lege.<\/p>\n","protected":false},"excerpt":{"rendered":"<p>OPERATORUL DATELOR DUMNEAVOASTRA CU CARACTER\u00a0 PERSONAL TOTH PIROSKA I.I., av\u00e2nd sediul social in str. Garii, nr. 45, jude\u021bul Covasna, \u00eenregistrata la Registrul Comer\u021bului F14 \/284 \/2014, av\u00e2nd CUI 33243391, in continuare TOTH PIROSKA I.I. &nbsp; Datele cu caracter personal vor fi colectate si prelucrate de c\u0103tre TOTH PIROSKA I.I. numai in m\u0103sura permisa prin Regulamentul [&hellip;]<\/p>\n","protected":false},"author":1,"featured_media":0,"parent":0,"menu_order":0,"comment_status":"closed","ping_status":"closed","template":"","meta":[],"_links":{"self":[{"href":"https:\/\/www.netpont.ro\/ro\/wp-json\/wp\/v2\/pages\/381"}],"collection":[{"href":"https:\/\/www.netpont.ro\/ro\/wp-json\/wp\/v2\/pages"}],"about":[{"href":"https:\/\/www.netpont.ro\/ro\/wp-json\/wp\/v2\/types\/page"}],"author":[{"embeddable":true,"href":"https:\/\/www.netpont.ro\/ro\/wp-json\/wp\/v2\/users\/1"}],"replies":[{"embeddable":true,"href":"https:\/\/www.netpont.ro\/ro\/wp-json\/wp\/v2\/comments?post=381"}],"version-history":[{"count":7,"href":"https:\/\/www.netpont.ro\/ro\/wp-json\/wp\/v2\/pages\/381\/revisions"}],"predecessor-version":[{"id":6120,"href":"https:\/\/www.netpont.ro\/ro\/wp-json\/wp\/v2\/pages\/381\/revisions\/6120"}],"wp:attachment":[{"href":"https:\/\/www.netpont.ro\/ro\/wp-json\/wp\/v2\/media?parent=381"}],"curies":[{"name":"wp","href":"https:\/\/api.w.org\/{rel}","templated":true}]}}